{"id":38,"date":"2018-09-17T18:49:40","date_gmt":"2018-09-17T18:49:40","guid":{"rendered":"http:\/\/souvenirprecieux.com\/en\/?page_id=38"},"modified":"2021-05-25T20:26:52","modified_gmt":"2021-05-25T20:26:52","slug":"home","status":"publish","type":"page","link":"https:\/\/souvenirprecieux.com\/en\/","title":{"rendered":"Home"},"content":{"rendered":"<section class=\"l-section wpb_row height_auto width_full\"><div class=\"l-section-h i-cf\"><div class=\"g-cols vc_row via_flex valign_top type_default stacking_default\"><div class=\"vc_col-sm-12 wpb_column vc_column_container\"><div class=\"vc_column-inner\"><div class=\"wpb_wrapper\">\n\t\t\t<!-- START Home Slider An REVOLUTION SLIDER 6.7.32 --><p class=\"rs-p-wp-fix\"><\/p>\n\t\t\t<rs-module-wrap id=\"rev_slider_5_1_wrapper\" data-source=\"gallery\" style=\"visibility:hidden;background:#FFFFFF;padding:0;margin:0px auto;margin-top:0;margin-bottom:0;\">\n\t\t\t\t<rs-module id=\"rev_slider_5_1\" class=\" rs-ov-hidden\" style=\"\" data-version=\"6.7.32\">\n\t\t\t\t\t<rs-slides style=\"overflow: hidden; position: absolute;\">\n\t\t\t\t\t\t<rs-slide style=\"position: absolute;\" data-key=\"rs-8\" data-title=\"Slide\" data-anim=\"adpr:false;\">\n\t\t\t\t\t\t\t<img decoding=\"async\" src=\"\/\/souvenirprecieux.com\/wp-content\/plugins\/revslider\/sr6\/assets\/assets\/dummy.png\" alt=\"\" title=\"Home\" class=\"rev-slidebg tp-rs-img rs-lazyload\" data-lazyload=\"\/\/souvenirprecieux.com\/wp-content\/uploads\/2018\/09\/accueil-bckGround.jpg\" data-parallax=\"off\" data-no-retina>\n<!--\n\t\t\t\t\t\t\t--><rs-layer\n\t\t\t\t\t\t\t\tid=\"slider-5-slide-8-layer-12\" \n\t\t\t\t\t\t\t\tdata-type=\"image\"\n\t\t\t\t\t\t\t\tdata-rsp_ch=\"on\"\n\t\t\t\t\t\t\t\tdata-xy=\"x:c;xo:0,0,0,-286px;yo:198px,168px,40px,130px;\"\n\t\t\t\t\t\t\t\tdata-text=\"l:22;a:inherit;\"\n\t\t\t\t\t\t\t\tdata-dim=\"w:357px,245,245px,245px;h:290px,197px,197px,197px;\"\n\t\t\t\t\t\t\t\tdata-vbility=\"t,t,t,f\"\n\t\t\t\t\t\t\t\tdata-frame_0=\"tp:600;\"\n\t\t\t\t\t\t\t\tdata-frame_1=\"tp:600;st:0;\"\n\t\t\t\t\t\t\t\tdata-frame_999=\"o:0;tp:600;st:w;sR:7700;\"\n\t\t\t\t\t\t\t\tstyle=\"z-index:5;\"\n\t\t\t\t\t\t\t><img decoding=\"async\" src=\"\/\/souvenirprecieux.com\/wp-content\/plugins\/revslider\/sr6\/assets\/assets\/dummy.png\" alt=\"\" class=\"tp-rs-img rs-lazyload\" width=\"596\" height=\"479\" data-lazyload=\"\/\/souvenirprecieux.com\/wp-content\/uploads\/2018\/12\/logo-1-en.png\" data-no-retina> \n\t\t\t\t\t\t\t<\/rs-layer><!--\n\n\t\t\t\t\t\t\t--><rs-layer\n\t\t\t\t\t\t\t\tid=\"slider-5-slide-8-layer-13\" \n\t\t\t\t\t\t\t\tdata-type=\"text\"\n\t\t\t\t\t\t\t\tdata-color=\"#a9965e\"\n\t\t\t\t\t\t\t\tdata-rsp_ch=\"on\"\n\t\t\t\t\t\t\t\tdata-xy=\"x:c;xo:0,0,0,3px;yo:514px,390px,268px,161px;\"\n\t\t\t\t\t\t\t\tdata-text=\"s:18,22,22,40;l:22;a:inherit;\"\n\t\t\t\t\t\t\t\tdata-frame_0=\"tp:600;\"\n\t\t\t\t\t\t\t\tdata-frame_1=\"tp:600;st:0;\"\n\t\t\t\t\t\t\t\tdata-frame_999=\"o:0;tp:600;st:w;sR:7700;\"\n\t\t\t\t\t\t\t\tstyle=\"z-index:6;font-family:'Lora';font-style:italic;\"\n\t\t\t\t\t\t\t>Share the emotion. Preserve the memory. Honour the loved one. \n\t\t\t\t\t\t\t<\/rs-layer><!--\n-->\t\t\t\t\t<\/rs-slide>\n\t\t\t\t\t<\/rs-slides>\n\t\t\t\t<\/rs-module>\n\t\t\t\t<script>\n\t\t\t\t\tsetREVStartSize({c: 'rev_slider_5_1',rl:[1240,1024,768,480],el:[],gw:[1200,1200,1200,1200],gh:[750,600,500,500],type:'standard',justify:'',layout:'fullwidth',mh:\"0\"});if (window.RS_MODULES!==undefined && window.RS_MODULES.modules!==undefined && window.RS_MODULES.modules[\"revslider51\"]!==undefined) {window.RS_MODULES.modules[\"revslider51\"].once = false;window.revapi5 = undefined;if (window.RS_MODULES.checkMinimal!==undefined) window.RS_MODULES.checkMinimal()}\n\t\t\t\t<\/script>\n\t\t\t<\/rs-module-wrap>\n\t\t\t<!-- END REVOLUTION SLIDER -->\n<\/div><\/div><\/div><\/div><\/div><\/section><section class=\"l-section wpb_row homeSection2 height_auto width_full\"><div class=\"l-section-h i-cf\"><div class=\"g-cols vc_row via_flex valign_top type_default stacking_default\"><div class=\"vc_col-sm-6 wpb_column vc_column_container has_bg_color\"><div class=\"vc_column-inner us_custom_94505a54\"><div class=\"wpb_wrapper\"><div class=\"wpb_text_column ItalicText\"><div class=\"wpb_wrapper\"><p><span style=\"font-size: 30px;\">\u00adPhotos on<\/span><\/p>\n<p class=\"BigTextHome\">PORCELAIN<\/p>\n<\/div><\/div><div class=\"w-btn-wrapper align_none\"><a class=\"w-btn us-btn-style_6 HomeProductButton\" href=\"https:\/\/souvenirprecieux.com\/en\/products\/\"><span class=\"w-btn-label\">SEE OUR PRODUCTS<\/span><\/a><\/div><\/div><\/div><\/div><div class=\"vc_col-sm-6 wpb_column vc_column_container has_bg_color\"><div class=\"vc_column-inner us_custom_da1932a0\"><div class=\"wpb_wrapper\"><div class=\"wpb_text_column ItalicText\"><div class=\"wpb_wrapper\"><p style=\"text-align: right;\">\u00ad<span style=\"font-size: 30px;\">Customize your<\/span><\/p>\n<p class=\"BigTextHome\" style=\"text-align: right;\">MEMORIES<\/p>\n<\/div><\/div><div class=\"w-btn-wrapper align_right\"><a class=\"w-btn us-btn-style_6 HomeProductButton\" href=\"https:\/\/souvenirprecieux.com\/en\/customization\/\"><span class=\"w-btn-label\">SEE OUR OPTIONS<\/span><\/a><\/div><\/div><\/div><\/div><\/div><\/div><\/section><section class=\"l-section wpb_row height_medium\"><div class=\"l-section-h i-cf\"><div class=\"g-cols vc_row via_flex valign_top type_default stacking_default\"><div class=\"vc_col-sm-12 wpb_column vc_column_container\"><div class=\"vc_column-inner\"><div class=\"wpb_wrapper\"><div class=\"wpb_text_column\"><div class=\"wpb_wrapper\"><p class=\"ParMedallions\" style=\"text-align: center;\"><span style=\"font-size: 24px;\">PRECIOUS SOUVENIR medallions. Entrust the care<\/span><br \/>\n<span style=\"font-size: 24px;\">of preserving the bond with loved ones and perpetuating the dignity of their memory<\/span><br \/>\n<span style=\"font-size: 24px;\">to the refined elegance of Italian porcelain.<\/span><\/p>\n<div style=\"text-align: center;\"><span style=\"color: #a9965e; font-size: 32px;\">&#8230;<\/span><\/div>\n<\/div><\/div><\/div><\/div><\/div><\/div><\/div><\/section><section class=\"l-section wpb_row homeCollSection height_medium width_full\"><div class=\"l-section-h i-cf\"><div class=\"g-cols vc_row via_flex valign_top type_default stacking_default\"><div class=\"vc_col-sm-4 wpb_column vc_column_container has_bg_color\"><div class=\"vc_column-inner us_custom_4afffbc8\"><div class=\"wpb_wrapper\"><div class=\"wpb_text_column ItalicText\"><div class=\"wpb_wrapper\"><p style=\"text-align: center;\"><span style=\"color: #9b8449; font-size: 24px;\">MONUMENT AND\u00a0<\/span><\/p>\n<p style=\"text-align: center;\"><span style=\"color: #9b8449; font-size: 24px;\">COLUMBARIUM NICHE<\/span><\/p>\n<p style=\"text-align: center;\"><span style=\"font-size: 24px;\">Collection<\/span><\/p>\n<\/div><\/div><div class=\"w-separator size_custom\" style=\"height:32px\"><\/div><div class=\"w-image align_center\"><div class=\"w-image-h\"><img decoding=\"async\" width=\"280\" height=\"245\" src=\"https:\/\/souvenirprecieux.com\/wp-content\/uploads\/2018\/12\/collection-pierretombalesUrnes-2.png\" class=\"attachment-full size-full\" alt=\"\" loading=\"lazy\" \/><\/div><\/div><div class=\"w-separator size_custom\" style=\"height:6px\"><\/div><div class=\"w-btn-wrapper align_center\"><a class=\"w-btn us-btn-style_5 us_custom_1b04de86\" href=\"http:\/\/souvenirprecieux.com\/en\/product-category\/collection-pierres-tombales-et-colombarium\/?lang=en\"><span class=\"w-btn-label\">SEE THE COLLECTION<\/span><\/a><\/div><div class=\"w-separator size_custom\" style=\"height:32px\"><\/div><\/div><\/div><\/div><div class=\"vc_col-sm-4 wpb_column vc_column_container has_bg_color\"><div class=\"vc_column-inner us_custom_4afffbc8\"><div class=\"wpb_wrapper\"><div class=\"wpb_text_column ItalicText\"><div class=\"wpb_wrapper\"><p style=\"text-align: center;\"><span style=\"color: #9b8449; font-size: 24px;\">PET<\/span><\/p>\n<p style=\"text-align: center;\"><span style=\"font-size: 24px;\">Collection<\/span><\/p>\n<\/div><\/div><div class=\"w-separator size_custom\" style=\"height:32px\"><\/div><div class=\"w-image align_center\"><div class=\"w-image-h\"><img decoding=\"async\" width=\"280\" height=\"234\" src=\"https:\/\/souvenirprecieux.com\/wp-content\/uploads\/2018\/12\/collection-animeaux.png\" class=\"attachment-full size-full\" alt=\"\" loading=\"lazy\" \/><\/div><\/div><div class=\"w-separator size_custom\" style=\"height:32px\"><\/div><div class=\"w-btn-wrapper align_center\"><a class=\"w-btn us-btn-style_5 us_custom_1b04de86\" href=\"http:\/\/souvenirprecieux.com\/en\/product-category\/animaux-en\/?lang=en\"><span class=\"w-btn-label\">SEE THE COLLECTION<\/span><\/a><\/div><div class=\"w-separator size_custom\" style=\"height:32px\"><\/div><\/div><\/div><\/div><div class=\"vc_col-sm-4 wpb_column vc_column_container has_bg_color\"><div class=\"vc_column-inner us_custom_482156ff\"><div class=\"wpb_wrapper\"><div class=\"wpb_text_column ItalicText\"><div class=\"wpb_wrapper\"><p style=\"text-align: center;\"><span style=\"color: #9b8449; font-size: 24px;\">PERSONAL<\/span><\/p>\n<p style=\"text-align: center;\"><span style=\"font-size: 24px;\">Collection<\/span><\/p>\n<\/div><\/div><div class=\"w-separator size_custom\" style=\"height:32px\"><\/div><div class=\"w-image align_center\"><div class=\"w-image-h\"><img decoding=\"async\" width=\"280\" height=\"238\" src=\"https:\/\/souvenirprecieux.com\/wp-content\/uploads\/2018\/12\/collection-pour-soi.png\" class=\"attachment-full size-full\" alt=\"\" loading=\"lazy\" \/><\/div><\/div><div class=\"w-separator size_custom\" style=\"height:32px\"><\/div><div class=\"w-btn-wrapper align_center\"><a class=\"w-btn us-btn-style_5 us_custom_1b04de86\" href=\"http:\/\/souvenirprecieux.com\/en\/product-category\/collection-pour-soi-en\/?lang=en\"><span class=\"w-btn-label\">SEE THE COLLECTION<\/span><\/a><\/div><div class=\"w-separator size_custom\" style=\"height:32px\"><\/div><\/div><\/div><\/div><\/div><\/div><\/section><section class=\"l-section wpb_row height_medium width_full with_img\"><div class=\"l-section-img\" role=\"img\" data-img-width=\"1800\" data-img-height=\"650\" style=\"background-image: url(https:\/\/souvenirprecieux.com\/wp-content\/uploads\/2018\/09\/about-min.jpg);\"><\/div><div class=\"l-section-h i-cf\"><div class=\"g-cols vc_row via_flex valign_top type_default stacking_default\"><div class=\"vc_col-sm-6 wpb_column vc_column_container\"><div class=\"vc_column-inner\"><div class=\"wpb_wrapper\"><\/div><\/div><\/div><div class=\"vc_col-sm-6 wpb_column vc_column_container\"><div class=\"vc_column-inner us_custom_891b4917\"><div class=\"wpb_wrapper\"><div class=\"w-separator size_custom\" style=\"height:32px\"><\/div><div class=\"wpb_text_column\"><div class=\"wpb_wrapper\"><p style=\"text-align: center; line-height: 40px;\"><span style=\"color: #f0e6c8; font-size: 30px;\">A FAMILY BUSINESS<\/span><br \/>\n<span style=\"color: #f0e6c8; font-size: 32px;\">SERVING FAMILIES<\/span><\/p>\n<\/div><\/div><div class=\"w-separator size_custom\" style=\"height:32px\"><\/div><div class=\"wpb_text_column ItalicText\"><div class=\"wpb_wrapper\"><p style=\"text-align: center;\"><span style=\"color: #f0e6c8;\">Who could have predicted, in 1911, that the passion for stonework Am\u00e9d\u00e9e Bussi\u00e8re developed when he sculpted his first gravestone from Saint-S\u00e9bastien granite would carry on four generations later? Yet still today, the Bussi\u00e8re family\u2019s know-how and skill make each piece an object of art and distinction. In addition to preserving the memory of the loved one, our photos on porcelain also carry within them the memory of the Bussi\u00e8re family, artisans who have passed down their skill from father to son.<\/span><\/p>\n<\/div><\/div><div class=\"wpb_text_column ItalicText blockHover\"><div class=\"wpb_wrapper\"><p style=\"text-align: center;\"><strong><a style=\"text-decoration: underline; color: #f0e6c8;\" href=\"https:\/\/www.youtube.com\/watch?v=12C6d1W-YIw\" target=\"_blank\" rel=\"noopener noreferrer\">WATCH OUR CORPORATE VIDEO (1m 58s)<\/a><\/strong><\/p>\n<\/div><\/div><div class=\"w-separator size_custom\" style=\"height:32px\"><\/div><div class=\"w-btn-wrapper align_center\"><a class=\"w-btn us-btn-style_4 us_custom_a5c88937 CompanyButton\" href=\"https:\/\/souvenirprecieux.com\/en\/our-value\/\"><span class=\"w-btn-label\">Discover what sets us apart<\/span><\/a><\/div><\/div><\/div><\/div><\/div><\/div><\/section>\n","protected":false},"excerpt":{"rendered":"Share the emotion. Preserve the memory. Honour the loved one. \u00adPhotos on PORCELAIN SEE OUR PRODUCTS\u00adCustomize your MEMORIES SEE OUR OPTIONSPRECIOUS SOUVENIR medallions. Entrust the care of preserving the bond with loved ones and perpetuating the dignity of their memory to the refined elegance of Italian porcelain. &#8230; MONUMENT AND\u00a0 COLUMBARIUM NICHE Collection SEE THE...","protected":false},"author":1,"featured_media":0,"parent":0,"menu_order":0,"comment_status":"closed","ping_status":"closed","template":"","meta":{"footnotes":""},"class_list":["post-38","page","type-page","status-publish","hentry"],"_links":{"self":[{"href":"https:\/\/souvenirprecieux.com\/en\/wp-json\/wp\/v2\/pages\/38","targetHints":{"allow":["GET"]}}],"collection":[{"href":"https:\/\/souvenirprecieux.com\/en\/wp-json\/wp\/v2\/pages"}],"about":[{"href":"https:\/\/souvenirprecieux.com\/en\/wp-json\/wp\/v2\/types\/page"}],"author":[{"embeddable":true,"href":"https:\/\/souvenirprecieux.com\/en\/wp-json\/wp\/v2\/users\/1"}],"replies":[{"embeddable":true,"href":"https:\/\/souvenirprecieux.com\/en\/wp-json\/wp\/v2\/comments?post=38"}],"version-history":[{"count":33,"href":"https:\/\/souvenirprecieux.com\/en\/wp-json\/wp\/v2\/pages\/38\/revisions"}],"predecessor-version":[{"id":4958,"href":"https:\/\/souvenirprecieux.com\/en\/wp-json\/wp\/v2\/pages\/38\/revisions\/4958"}],"wp:attachment":[{"href":"https:\/\/souvenirprecieux.com\/en\/wp-json\/wp\/v2\/media?parent=38"}],"curies":[{"name":"wp","href":"https:\/\/api.w.org\/{rel}","templated":true}]}}