{"id":85,"date":"2018-09-17T19:40:49","date_gmt":"2018-09-17T19:40:49","guid":{"rendered":"http:\/\/souvenirprecieux.com\/en\/souvenir-precieux-nos-valeurs\/"},"modified":"2021-05-25T20:24:09","modified_gmt":"2021-05-25T20:24:09","slug":"our-value","status":"publish","type":"page","link":"https:\/\/souvenirprecieux.com\/en\/our-value\/","title":{"rendered":"Our Values"},"content":{"rendered":"<section class=\"l-section wpb_row us_custom_e11ab399 height_medium width_full\"><div class=\"l-section-h i-cf\"><div class=\"g-cols vc_row via_flex valign_top type_default stacking_default\"><div class=\"vc_col-sm-12 wpb_column vc_column_container\"><div class=\"vc_column-inner\"><div class=\"wpb_wrapper\"><div class=\"wpb_text_column\"><div class=\"wpb_wrapper\"><h1 class=\"super-size fade-in\" style=\"text-align: center;\"><span style=\"font-size: 60px; color: #a9965e;\">THE PRECIOUS SOUVENIR<\/span><br \/>\n<span style=\"font-size: 60px; color: #a9965e;\">DIFFERENCE<\/span><\/h1>\n<\/div><\/div><div class=\"wpb_text_column us_custom_8d5aa4e2 fade-in\"><div class=\"wpb_wrapper\"><p style=\"text-align: center;\"><strong><a href=\"https:\/\/www.youtube.com\/watch?v=12C6d1W-YIw\" target=\"_blank\" rel=\"noopener noreferrer\"><em>WATCH OUR CORPORATE VIDEO (1m 58s)<\/em><\/a><\/strong><\/p>\n<\/div><\/div><\/div><\/div><\/div><\/div><\/div><\/section><section class=\"l-section wpb_row us_custom_ec1e580b height_auto\"><div class=\"l-section-h i-cf\"><div class=\"g-cols vc_row via_flex valign_top type_default stacking_default\"><div class=\"vc_col-sm-12 wpb_column vc_column_container\"><div class=\"vc_column-inner\"><div class=\"wpb_wrapper\"><div class=\"wpb_text_column\"><div class=\"wpb_wrapper\"><div class=\"_col _col--xl-6 _col--md-12 _col--no-padding fade-in\">\n<h2 style=\"text-align: left;\"><img loading=\"lazy\" decoding=\"async\" class=\"wp-image-4316 size-medium alignleft\" src=\"http:\/\/souvenirprecieux.com\/wp-content\/uploads\/2019\/01\/nos-valeurs-237x300.png\" alt=\"\" width=\"237\" height=\"300\" srcset=\"https:\/\/souvenirprecieux.com\/wp-content\/uploads\/2019\/01\/nos-valeurs-237x300.png 237w, https:\/\/souvenirprecieux.com\/wp-content\/uploads\/2019\/01\/nos-valeurs.png 425w\" sizes=\"auto, (max-width: 237px) 100vw, 237px\" \/>To celebrate the memory of a loved one with dignity.<\/h2>\n<p><i>Inspired by the refined elegance of Italian porcelain, PRECIOUS SOUVENIR medallions, plaques and frames preserve the bond between you and your loved one, perpetuating his or her memory in a unique, personalized and positive way.<\/i><\/p>\n<p>&nbsp;<\/p>\n<p style=\"text-align: left;\"><em>These exceptional objects can personalize an urn, columbarium niche or monument by creating a warm and comforting atmosphere at the place of remembrance. A unique depiction that you can keep at home or bequeath to your family to celebrate the life and preserve the memory of your loved one.<\/em><\/p>\n<\/div>\n<div class=\"_col _col--xl-6 _col--md-12 _col--no-padding fade-in\">\n<p style=\"text-align: left;\">\n<\/div>\n<\/div><\/div><\/div><\/div><\/div><\/div><\/div><\/section><section class=\"l-section wpb_row us_custom_815c1c57 height_auto\"><div class=\"l-section-h i-cf\"><div class=\"g-cols vc_row via_flex valign_top type_default stacking_default\"><div class=\"vc_col-sm-12 wpb_column vc_column_container\"><div class=\"vc_column-inner\"><div class=\"wpb_wrapper\"><div class=\"wpb_text_column\"><div class=\"wpb_wrapper\"><h2 style=\"text-align: center;\">Our Mission and Values<\/h2>\n<\/div><\/div><\/div><\/div><\/div><\/div><\/div><\/section><section class=\"l-section wpb_row height_auto\"><div class=\"l-section-h i-cf\"><div class=\"g-cols vc_row via_flex valign_top type_default stacking_default\"><div class=\"vc_col-sm-12 wpb_column vc_column_container\"><div class=\"vc_column-inner\"><div class=\"wpb_wrapper\"><div class=\"wpb_text_column\"><div class=\"wpb_wrapper\"><p style=\"text-align: center;\"><strong>OUR MISSION<\/strong><\/p>\n<p style=\"text-align: center;\"><em>PRECIOUS SOUVENIR\u2019s mission is to perpetuate the memory of our North American clients\u2019 loved ones with dignity.<\/em><\/p>\n<p>&nbsp;<\/p>\n<p style=\"text-align: center;\"><em>That\u2019s why we use the very finest porcelain,manufacturing and reproduction processes to imbue all our products with distinctive resistance and longevity. All our PRECIOUS SOUVENIR products carry a lifetime guarantee.<\/em><\/p>\n<p>&nbsp;<\/p>\n<p style=\"text-align: center;\"><em>We also take a deeply human and holistic approach when it comes to our customers. Our business relies on dedicated employees, distributors and partners who fully share our corporate values.<\/em><\/p>\n<\/div><\/div><\/div><\/div><\/div><\/div><\/div><\/section><section class=\"l-section wpb_row us_custom_fc2f1a0f height_small\"><div class=\"l-section-h i-cf\"><div class=\"g-cols vc_row via_flex valign_top type_default stacking_default\"><div class=\"vc_col-sm-12 wpb_column vc_column_container\"><div class=\"vc_column-inner\"><div class=\"wpb_wrapper\"><div class=\"wpb_text_column\"><div class=\"wpb_wrapper\"><p style=\"text-align: center;\"><strong>OUR VALUES<\/strong><\/p>\n<p style=\"text-align: center;\"><em>PRECIOUS SOUVENIR distinguishes itself from the industry through its actions, which are governed by FOUR CORE VALUES. These values are known and shared by our employees and distributors.<\/em><\/p>\n<\/div><\/div><\/div><\/div><\/div><\/div><\/div><\/section><section class=\"l-section wpb_row height_small\"><div class=\"l-section-h i-cf\"><div class=\"g-cols vc_row via_flex valign_top type_default stacking_default\"><div class=\"vc_col-sm-6 wpb_column vc_column_container\"><div class=\"vc_column-inner\"><div class=\"wpb_wrapper\"><div class=\"wpb_text_column\"><div class=\"wpb_wrapper\"><p style=\"text-align: center;\"><strong>Empathy<\/strong><\/p>\n<p style=\"text-align: center;\"><em>Understanding our customers, empathizing with their needs and readily meeting their expectations. This core value is reflected in the precision work we do every day at our company, for each of the deceased persons and their families.<\/em><\/p>\n<\/div><\/div><\/div><\/div><\/div><div class=\"vc_col-sm-6 wpb_column vc_column_container\"><div class=\"vc_column-inner\"><div class=\"wpb_wrapper\"><div class=\"wpb_text_column\"><div class=\"wpb_wrapper\"><p style=\"text-align: center;\"><strong>Integrity<\/strong><\/p>\n<p style=\"text-align: center;\"><em>Creating a work environment supported by respect and honesty towards all of our clients, employees and business partners. This key value is directly associated with the satisfaction felt by these individuals.<\/em><\/p>\n<\/div><\/div><\/div><\/div><\/div><\/div><\/div><\/section><section class=\"l-section wpb_row height_small\"><div class=\"l-section-h i-cf\"><div class=\"g-cols vc_row via_flex valign_top type_default stacking_default\"><div class=\"vc_col-sm-6 wpb_column vc_column_container\"><div class=\"vc_column-inner\"><div class=\"wpb_wrapper\"><div class=\"wpb_text_column\"><div class=\"wpb_wrapper\"><p style=\"text-align: center;\"><strong>Excellence<\/strong><\/p>\n<p style=\"text-align: center;\"><em>Making a mark every day in our industry through exceptional service, an openly positive attitude, healthy and transparent business relationships and the implementation of well thought-out actions that encourage the company\u2019s growth and sustainability.<\/em><\/p>\n<\/div><\/div><\/div><\/div><\/div><div class=\"vc_col-sm-6 wpb_column vc_column_container\"><div class=\"vc_column-inner\"><div class=\"wpb_wrapper\"><div class=\"wpb_text_column\"><div class=\"wpb_wrapper\"><p style=\"text-align: center;\"><strong>Foresight<\/strong><\/p>\n<p style=\"text-align: center;\"><em>Innovating in an insightful way. Wisely forecasting current and projected trends in our business sector and participating actively in the development and marketing of new products in our clients\u2019 and company\u2019s best interest.<\/em><\/p>\n<\/div><\/div><\/div><\/div><\/div><\/div><\/div><\/section><section class=\"l-section wpb_row height_medium width_full with_img\"><div class=\"l-section-img\" role=\"img\" data-img-width=\"1800\" data-img-height=\"650\" style=\"background-image: url(https:\/\/souvenirprecieux.com\/wp-content\/uploads\/2018\/09\/about-min.jpg);\"><\/div><div class=\"l-section-h i-cf\"><div class=\"g-cols vc_row via_flex valign_top type_default stacking_default\"><div class=\"vc_col-sm-6 wpb_column vc_column_container\"><div class=\"vc_column-inner\"><div class=\"wpb_wrapper\"><\/div><\/div><\/div><div class=\"vc_col-sm-6 wpb_column vc_column_container\"><div class=\"vc_column-inner\"><div class=\"wpb_wrapper\"><div class=\"w-separator size_custom\" style=\"height:32px\"><\/div><div class=\"wpb_text_column\"><div class=\"wpb_wrapper\"><p style=\"text-align: center;\"><span style=\"color: #f0e6c8; font-size: 30px;\">PRECIOUS SOUVENIR\u2019s<\/span><br \/>\n<span style=\"color: #f0e6c8; font-size: 32px;\">FAMILY LEGACY<\/span><\/p>\n<\/div><\/div><div class=\"w-separator size_custom\" style=\"height:32px\"><\/div><div class=\"wpb_text_column\"><div class=\"wpb_wrapper\"><h2 style=\"text-align: center;\"><span style=\"color: #f0e6c8;\">The Bussi\u00e8re family, master stonemasons<\/span><\/h2>\n<\/div><\/div><div class=\"wpb_text_column\"><div class=\"wpb_wrapper\"><p style=\"text-align: center;\"><em><span style=\"color: #f0e6c8;\">Since Am\u00e9d\u00e9e Bussi\u00e8re began sculpting granite from the mountains of the Estrie region in 1911, the Bussi\u00e8re name has been a guarantee of craftsmanship and quality. From its modest beginnings, the family business has grown with each new generation. This passion for stonework has been passed down from father to sons, sons to grandsons, and grandsons to great-grandsons.<\/span><\/em><\/p>\n<\/div><\/div><div class=\"w-separator size_custom\" style=\"height:32px\"><\/div><div class=\"wpb_text_column\"><div class=\"wpb_wrapper\"><h2 style=\"text-align: center;\"><span style=\"color: #f0e6c8;\">\u00c9ric Bussi\u00e8re, creator of memories<\/span><\/h2>\n<\/div><\/div><div class=\"wpb_text_column\"><div class=\"wpb_wrapper\"><p style=\"text-align: center;\"><em><span style=\"color: #f0e6c8;\">Inspired by the achievements of the past and guided by cutting-edge knowledge, \u00c9ric Bussi\u00e8re and his team continue to place paramount importance on the quality of their work. Each day, they produce new memories. This attention to detail is what made us think of embedding photos of loved ones in one of the most beautiful porcelains in the world, guaranteeing a product of excellence that will retain its beauty for generations to come.<\/span><\/em><\/p>\n<\/div><\/div><div class=\"w-separator size_custom\" style=\"height:32px\"><\/div><\/div><\/div><\/div><\/div><\/div><\/section><section class=\"l-section wpb_row us_custom_21b9c38a height_auto\"><div class=\"l-section-h i-cf\"><div class=\"g-cols vc_row via_flex valign_top type_default stacking_default\"><div class=\"vc_col-sm-12 wpb_column vc_column_container\"><div class=\"vc_column-inner\"><div class=\"wpb_wrapper\"><div class=\"wpb_text_column\"><div class=\"wpb_wrapper\"><h2 style=\"text-align: center;\">WHAT SETS US APART<\/h2>\n<\/div><\/div><\/div><\/div><\/div><\/div><\/div><\/section><section class=\"l-section wpb_row us_custom_539f15ee height_auto\"><div class=\"l-section-h i-cf\"><div class=\"g-cols vc_row via_flex valign_top type_default stacking_default\"><div class=\"vc_col-sm-12 wpb_column vc_column_container\"><div class=\"vc_column-inner\"><div class=\"wpb_wrapper\"><div class=\"wpb_text_column\"><div class=\"wpb_wrapper\"><p style=\"text-align: center;\"><strong>A timeless and lasting souvenir<\/strong><\/p>\n<p style=\"text-align: center;\">The state-of-the-art techniques used by PRECIOUS SOUVENIR make its medallions, plaques and frames permanent collector\u2019s items that will retain their beauty for generations to come.<\/p>\n<\/div><\/div><\/div><\/div><\/div><\/div><\/div><\/section><section class=\"l-section wpb_row us_custom_539f15ee height_auto\"><div class=\"l-section-h i-cf\"><div class=\"g-cols vc_row via_flex valign_top type_default stacking_default\"><div class=\"vc_col-sm-6 wpb_column vc_column_container\"><div class=\"vc_column-inner\"><div class=\"wpb_wrapper\"><div class=\"wpb_text_column\"><div class=\"wpb_wrapper\"><p style=\"text-align: center;\"><strong>A skillful blend of expertise and innovation<\/strong><\/p>\n<p><em>Our love of stone fuels our constant desire to exceed our standards of excellence. We are always looking for new ways to honor the dearly departed.<\/em><\/p>\n<\/div><\/div><\/div><\/div><\/div><div class=\"vc_col-sm-6 wpb_column vc_column_container\"><div class=\"vc_column-inner\"><div class=\"wpb_wrapper\"><div class=\"wpb_text_column\"><div class=\"wpb_wrapper\"><p style=\"text-align: center;\"><strong>A client-centred approach<\/strong><\/p>\n<p><em>Evoking the memory of a loved one is a great honour for us. We work, humbly and responsibly, to ensure that each of our customers is satisfied and that we have met their expectations.<\/em><\/p>\n<\/div><\/div><\/div><\/div><\/div><\/div><\/div><\/section><section class=\"l-section wpb_row us_custom_539f15ee height_auto\"><div class=\"l-section-h i-cf\"><div class=\"g-cols vc_row via_flex valign_top type_default stacking_default\"><div class=\"vc_col-sm-6 wpb_column vc_column_container\"><div class=\"vc_column-inner\"><div class=\"wpb_wrapper\"><div class=\"wpb_text_column\"><div class=\"wpb_wrapper\"><p style=\"text-align: center;\"><strong>A simple approval process<\/strong><\/p>\n<p><em>Our production process is simple to understand and easy to use, thanks to our accessible online ordering tools.<\/em><\/p>\n<\/div><\/div><\/div><\/div><\/div><div class=\"vc_col-sm-6 wpb_column vc_column_container\"><div class=\"vc_column-inner\"><div class=\"wpb_wrapper\"><div class=\"wpb_text_column\"><div class=\"wpb_wrapper\"><p style=\"text-align: center;\"><strong>Your special requests<\/strong><\/p>\n<p><em>We are always happy to handle special requests. Rest assured in the knowledge that we will do our utmost to fulfill your special orders with the greatest of care.<\/em><\/p>\n<\/div><\/div><\/div><\/div><\/div><\/div><\/div><\/section><section class=\"l-section wpb_row us_custom_539f15ee height_auto\"><div class=\"l-section-h i-cf\"><div class=\"g-cols vc_row via_flex valign_top type_default stacking_default\"><div class=\"vc_col-sm-6 wpb_column vc_column_container\"><div class=\"vc_column-inner\"><div class=\"wpb_wrapper\"><div class=\"wpb_text_column\"><div class=\"wpb_wrapper\"><p style=\"text-align: center;\"><strong>One of the industry\u2019s best guarantees<\/strong><\/p>\n<p><em>All PRECIOUS SOUVENIR products carry a lifetime guarantee for greater peace of mind. PRECIOUS SOUVENIR products are 100% guaranteed against breakage, vandalism and deterioration.<\/em><\/p>\n<\/div><\/div><\/div><\/div><\/div><div class=\"vc_col-sm-6 wpb_column vc_column_container\"><div class=\"vc_column-inner\"><div class=\"wpb_wrapper\"><div class=\"wpb_text_column\"><div class=\"wpb_wrapper\"><p style=\"text-align: center;\"><strong>The gift of a souvenir medallion<\/strong><\/p>\n<p><em>For each order of a photo on porcelain, the family will also receive a mini-medallion. This simple and intimate object will further preserve the memory of the loved one.<\/em><\/p>\n<\/div><\/div><\/div><\/div><\/div><\/div><\/div><\/section>\n","protected":false},"excerpt":{"rendered":"THE PRECIOUS SOUVENIR DIFFERENCE WATCH OUR CORPORATE VIDEO (1m 58s) To celebrate the memory of a loved one with dignity. Inspired by the refined elegance of Italian porcelain, PRECIOUS SOUVENIR medallions, plaques and frames preserve the bond between you and your loved one, perpetuating his or her memory in a unique, personalized and positive way....","protected":false},"author":1,"featured_media":0,"parent":0,"menu_order":0,"comment_status":"closed","ping_status":"closed","template":"","meta":{"footnotes":""},"class_list":["post-85","page","type-page","status-publish","hentry"],"_links":{"self":[{"href":"https:\/\/souvenirprecieux.com\/en\/wp-json\/wp\/v2\/pages\/85","targetHints":{"allow":["GET"]}}],"collection":[{"href":"https:\/\/souvenirprecieux.com\/en\/wp-json\/wp\/v2\/pages"}],"about":[{"href":"https:\/\/souvenirprecieux.com\/en\/wp-json\/wp\/v2\/types\/page"}],"author":[{"embeddable":true,"href":"https:\/\/souvenirprecieux.com\/en\/wp-json\/wp\/v2\/users\/1"}],"replies":[{"embeddable":true,"href":"https:\/\/souvenirprecieux.com\/en\/wp-json\/wp\/v2\/comments?post=85"}],"version-history":[{"count":33,"href":"https:\/\/souvenirprecieux.com\/en\/wp-json\/wp\/v2\/pages\/85\/revisions"}],"predecessor-version":[{"id":4957,"href":"https:\/\/souvenirprecieux.com\/en\/wp-json\/wp\/v2\/pages\/85\/revisions\/4957"}],"wp:attachment":[{"href":"https:\/\/souvenirprecieux.com\/en\/wp-json\/wp\/v2\/media?parent=85"}],"curies":[{"name":"wp","href":"https:\/\/api.w.org\/{rel}","templated":true}]}}